{"id":99,"date":"2021-10-21T08:04:21","date_gmt":"2021-10-21T06:04:21","guid":{"rendered":"https:\/\/paideiacampus.org\/?page_id=99"},"modified":"2023-01-13T12:17:01","modified_gmt":"2023-01-13T11:17:01","slug":"pollica-2050","status":"publish","type":"page","link":"https:\/\/paideiacampus.org\/en\/action-areas\/community\/pollica-2050\/","title":{"rendered":"Pollica 2050"},"content":{"rendered":"<div data-elementor-type=\"wp-page\" data-elementor-id=\"99\" class=\"elementor elementor-99\">\n\t\t\t\t\t\t<section class=\"elementor-section elementor-top-section elementor-element elementor-element-6932d00c elementor-section-height-min-height elementor-section-content-middle elementor-section-boxed elementor-section-height-default elementor-section-items-middle\" data-id=\"6932d00c\" data-element_type=\"section\" data-e-type=\"section\" data-settings=\"{&quot;background_background&quot;:&quot;classic&quot;}\">\n\t\t\t\t\t\t\t<div class=\"elementor-background-overlay\"><\/div>\n\t\t\t\t\t\t\t<div class=\"elementor-container elementor-column-gap-default\">\n\t\t\t\t\t<div class=\"elementor-column elementor-col-100 elementor-top-column elementor-element elementor-element-3e37c0ef\" data-id=\"3e37c0ef\" data-element_type=\"column\" data-e-type=\"column\">\n\t\t\t<div class=\"elementor-widget-wrap elementor-element-populated\">\n\t\t\t\t\t\t<div class=\"elementor-element elementor-element-5cf2da1d elementor-widget elementor-widget-heading\" data-id=\"5cf2da1d\" data-element_type=\"widget\" data-e-type=\"widget\" data-widget_type=\"heading.default\">\n\t\t\t\t<div class=\"elementor-widget-container\">\n\t\t\t\t\t<h1 class=\"elementor-heading-title elementor-size-default\">POLLICA 2050<\/h1>\t\t\t\t<\/div>\n\t\t\t\t<\/div>\n\t\t\t\t<div class=\"elementor-element elementor-element-49675086 elementor-widget elementor-widget-text-editor\" data-id=\"49675086\" data-element_type=\"widget\" data-e-type=\"widget\" data-widget_type=\"text-editor.default\">\n\t\t\t\t<div class=\"elementor-widget-container\">\n\t\t\t\t\t\t\t\t\t<p>Building the Pollica of the future.<\/p>\t\t\t\t\t\t\t\t<\/div>\n\t\t\t\t<\/div>\n\t\t\t\t\t<\/div>\n\t\t<\/div>\n\t\t\t\t\t<\/div>\n\t\t<\/section>\n\t\t\t\t<section class=\"elementor-section elementor-top-section elementor-element elementor-element-423f561f elementor-section-content-middle elementor-section-boxed elementor-section-height-default elementor-section-height-default\" data-id=\"423f561f\" data-element_type=\"section\" data-e-type=\"section\">\n\t\t\t\t\t\t<div class=\"elementor-container elementor-column-gap-no\">\n\t\t\t\t\t<div class=\"elementor-column elementor-col-50 elementor-top-column elementor-element elementor-element-58874e09\" data-id=\"58874e09\" data-element_type=\"column\" data-e-type=\"column\">\n\t\t\t<div class=\"elementor-widget-wrap elementor-element-populated\">\n\t\t\t\t\t\t<div class=\"elementor-element elementor-element-47ff3fbe elementor-widget-divider--view-line elementor-widget elementor-widget-divider\" data-id=\"47ff3fbe\" data-element_type=\"widget\" data-e-type=\"widget\" data-widget_type=\"divider.default\">\n\t\t\t\t<div class=\"elementor-widget-container\">\n\t\t\t\t\t\t\t<div class=\"elementor-divider\">\n\t\t\t<span class=\"elementor-divider-separator\">\n\t\t\t\t\t\t<\/span>\n\t\t<\/div>\n\t\t\t\t\t\t<\/div>\n\t\t\t\t<\/div>\n\t\t\t\t<div class=\"elementor-element elementor-element-7cae2fc0 elementor-widget elementor-widget-heading\" data-id=\"7cae2fc0\" data-element_type=\"widget\" data-e-type=\"widget\" data-widget_type=\"heading.default\">\n\t\t\t\t<div class=\"elementor-widget-container\">\n\t\t\t\t\t<h2 class=\"elementor-heading-title elementor-size-default\">POLLICA 2050<\/h2>\t\t\t\t<\/div>\n\t\t\t\t<\/div>\n\t\t\t\t\t<\/div>\n\t\t<\/div>\n\t\t\t\t<div class=\"elementor-column elementor-col-50 elementor-top-column elementor-element elementor-element-15c73390\" data-id=\"15c73390\" data-element_type=\"column\" data-e-type=\"column\">\n\t\t\t<div class=\"elementor-widget-wrap elementor-element-populated\">\n\t\t\t\t\t\t<div class=\"elementor-element elementor-element-4c7002ff elementor-widget elementor-widget-text-editor\" data-id=\"4c7002ff\" data-element_type=\"widget\" data-e-type=\"widget\" data-widget_type=\"text-editor.default\">\n\t\t\t\t<div class=\"elementor-widget-container\">\n\t\t\t\t\t\t\t\t\t<p>Because of more facilities, for convenience, for work or for school, families have started to move to large cities and some municipalities are likely to disappear. A phenomenon that not only affects Italy, but threatens biodiversity and causes the degradation of a cultural and environmental heritage of inestimable value.<\/p>\n<p><b style=\"color: var( --e-global-color-text );\">Paideia Campus works within the community to build the Pollica of the future<\/b><\/p>\n<ul style=\"margin-left: 50px;\">\n<li>Creating jobs and wellbeing by promoting the development of new entrepreneurship capable of enhancing local knowledge and values<\/li>\n<li>Seasonal adjustment of tourist flows<\/li>\n<li>Promoting Smart Living to counteract the depopulation of villages with digital infrastructure and services (fiber, electric mobility, energy efficiency, circular living...)<\/li>\n<li>Combating educational poverty and social marginality and preventing early school leaving<\/li>\n<\/ul>\n<p><b>Partnership for the goals<\/b><\/p>\n<p>The Paideia Campus collaborates and co-creates opportunities through a network of like-minded partners who all work for the regeneration of this area.\u00a0<\/p>\t\t\t\t\t\t\t\t<\/div>\n\t\t\t\t<\/div>\n\t\t\t\t\t<\/div>\n\t\t<\/div>\n\t\t\t\t\t<\/div>\n\t\t<\/section>\n\t\t\t\t<section class=\"elementor-section elementor-top-section elementor-element elementor-element-7707e25 elementor-section-content-middle elementor-section-boxed elementor-section-height-default elementor-section-height-default\" data-id=\"7707e25\" data-element_type=\"section\" data-e-type=\"section\">\n\t\t\t\t\t\t<div class=\"elementor-container elementor-column-gap-default\">\n\t\t\t\t\t<div class=\"elementor-column elementor-col-66 elementor-top-column elementor-element elementor-element-3546540\" data-id=\"3546540\" data-element_type=\"column\" data-e-type=\"column\">\n\t\t\t<div class=\"elementor-widget-wrap elementor-element-populated\">\n\t\t\t\t\t\t<div class=\"elementor-element elementor-element-63b5b23 elementor-widget elementor-widget-heading\" data-id=\"63b5b23\" data-element_type=\"widget\" data-e-type=\"widget\" data-widget_type=\"heading.default\">\n\t\t\t\t<div class=\"elementor-widget-container\">\n\t\t\t\t\t<h2 class=\"elementor-heading-title elementor-size-default\">RESEARCH<\/h2>\t\t\t\t<\/div>\n\t\t\t\t<\/div>\n\t\t\t\t<div class=\"elementor-element elementor-element-381524a elementor-widget elementor-widget-text-editor\" data-id=\"381524a\" data-element_type=\"widget\" data-e-type=\"widget\" data-widget_type=\"text-editor.default\">\n\t\t\t\t<div class=\"elementor-widget-container\">\n\t\t\t\t\t\t\t\t\t<p>Research and experimentation within a programme of social cohesion, which will be realized through the establishment of a <b>community cooperative<\/b>created to regenerate the social fabric, a prerequisite for solid and coherent community development.\u00a0 The cumulative transformative impact is measured through the <i>3D Impact Tool<\/i>, developed by<i> Tim Strasser<\/i> from<i>Maastricht University<\/i>, and will focus on 3 dimensions:<span style=\"font-weight: 400;\">:<br \/><\/span><\/p>\n<ul style=\"margin-left: 50px;\">\n<li aria-level=\"1\"><b>WIDTH - wide and consistent influence<\/b>: the geographical extent to which the impact was generated<\/li>\n<li aria-level=\"1\"><b>LENGTH - persistent and evolutionary reproduction<\/b>: how long this impact has been generated and maintained<\/li>\n<li aria-level=\"1\"><b>DEPTH - structural and cultural roots:<\/b>\u00a0how deeply this change has penetrated the social and cultural structure<\/li>\n<\/ul>\t\t\t\t\t\t\t\t<\/div>\n\t\t\t\t<\/div>\n\t\t\t\t\t<\/div>\n\t\t<\/div>\n\t\t\t\t<div class=\"elementor-column elementor-col-33 elementor-top-column elementor-element elementor-element-76354c6\" data-id=\"76354c6\" data-element_type=\"column\" data-e-type=\"column\">\n\t\t\t<div class=\"elementor-widget-wrap elementor-element-populated\">\n\t\t\t\t\t\t<div class=\"elementor-element elementor-element-0907d69 elementor-widget elementor-widget-image\" data-id=\"0907d69\" data-element_type=\"widget\" data-e-type=\"widget\" data-widget_type=\"image.default\">\n\t\t\t\t<div class=\"elementor-widget-container\">\n\t\t\t\t\t\t\t\t\t\t\t\t\t\t\t<img fetchpriority=\"high\" decoding=\"async\" width=\"357\" height=\"364\" src=\"https:\/\/paideiacampus.org\/wp-content\/uploads\/2021\/12\/Screen-Shot-2021-12-07-at-4.17.54-PM.png\" class=\"attachment-large size-large wp-image-903\" alt=\"\" srcset=\"https:\/\/paideiacampus.org\/wp-content\/uploads\/2021\/12\/Screen-Shot-2021-12-07-at-4.17.54-PM.png 357w, https:\/\/paideiacampus.org\/wp-content\/uploads\/2021\/12\/Screen-Shot-2021-12-07-at-4.17.54-PM-294x300.png 294w, https:\/\/paideiacampus.org\/wp-content\/uploads\/2021\/12\/Screen-Shot-2021-12-07-at-4.17.54-PM-12x12.png 12w\" sizes=\"(max-width: 357px) 100vw, 357px\" \/>\t\t\t\t\t\t\t\t\t\t\t\t\t\t\t<\/div>\n\t\t\t\t<\/div>\n\t\t\t\t\t<\/div>\n\t\t<\/div>\n\t\t\t\t\t<\/div>\n\t\t<\/section>\n\t\t\t\t<section class=\"elementor-section elementor-top-section elementor-element elementor-element-4c0f0d7c elementor-section-content-middle elementor-section-boxed elementor-section-height-default elementor-section-height-default\" data-id=\"4c0f0d7c\" data-element_type=\"section\" data-e-type=\"section\">\n\t\t\t\t\t\t<div class=\"elementor-container elementor-column-gap-no\">\n\t\t\t\t\t<div class=\"elementor-column elementor-col-100 elementor-top-column elementor-element elementor-element-3648616\" data-id=\"3648616\" data-element_type=\"column\" data-e-type=\"column\">\n\t\t\t<div class=\"elementor-widget-wrap elementor-element-populated\">\n\t\t\t\t\t\t<div class=\"elementor-element elementor-element-6b436fed elementor-widget elementor-widget-heading\" data-id=\"6b436fed\" data-element_type=\"widget\" data-e-type=\"widget\" data-widget_type=\"heading.default\">\n\t\t\t\t<div class=\"elementor-widget-container\">\n\t\t\t\t\t<h2 class=\"elementor-heading-title elementor-size-default\"><font style=\"vertical-align: inherit\"><font style=\"vertical-align: inherit\"><font style=\"vertical-align: inherit\"><font style=\"vertical-align: inherit\">DISCOVER THE PAIDEIA CAMPUS<\/font><\/font><\/font><\/font><font style=\"vertical-align: inherit\"><font style=\"vertical-align: inherit\"><\/font><\/font><\/h2>\t\t\t\t<\/div>\n\t\t\t\t<\/div>\n\t\t\t\t<div class=\"elementor-element elementor-element-4900cb6 elementor-widget elementor-widget-heading\" data-id=\"4900cb6\" data-element_type=\"widget\" data-e-type=\"widget\" data-widget_type=\"heading.default\">\n\t\t\t\t<div class=\"elementor-widget-container\">\n\t\t\t\t\t<h5 class=\"elementor-heading-title elementor-size-default\">Explore our areas of intervention.<\/h5>\t\t\t\t<\/div>\n\t\t\t\t<\/div>\n\t\t\t\t<section class=\"elementor-section elementor-inner-section elementor-element elementor-element-103f7e55 elementor-section-content-middle elementor-section-boxed elementor-section-height-default elementor-section-height-default\" data-id=\"103f7e55\" data-element_type=\"section\" data-e-type=\"section\">\n\t\t\t\t\t\t<div class=\"elementor-container elementor-column-gap-default\">\n\t\t\t\t\t<div class=\"elementor-column elementor-col-33 elementor-inner-column elementor-element elementor-element-1a664cc\" data-id=\"1a664cc\" data-element_type=\"column\" data-e-type=\"column\">\n\t\t\t<div class=\"elementor-widget-wrap elementor-element-populated\">\n\t\t\t\t\t\t<div class=\"elementor-element elementor-element-66f757bb elementor-cta--skin-cover elementor-cta--valign-middle elementor-bg-transform elementor-bg-transform-zoom-out elementor-animated-content elementor-widget elementor-widget-call-to-action\" data-id=\"66f757bb\" data-element_type=\"widget\" data-e-type=\"widget\" data-widget_type=\"call-to-action.default\">\n\t\t\t\t<div class=\"elementor-widget-container\">\n\t\t\t\t\t\t\t<a class=\"elementor-cta\" href=\"https:\/\/paideiacampus.org\/en\/paideia-campus\/knowledge\/\">\n\t\t\t\t\t<div class=\"elementor-cta__bg-wrapper\">\n\t\t\t\t<div class=\"elementor-cta__bg elementor-bg\" style=\"background-image: url(https:\/\/paideiacampus.org\/wp-content\/uploads\/2021\/10\/IMG_5152.jpg);\"><\/div>\n\t\t\t\t<div class=\"elementor-cta__bg-overlay\"><\/div>\n\t\t\t<\/div>\n\t\t\t\t\t\t\t<div class=\"elementor-cta__content\">\n\t\t\t\t\n\t\t\t\t<h2 class=\"elementor-cta__title elementor-cta__content-item elementor-content-item elementor-animated-item--grow\">KNOWLEDGE<\/h2>\n\t\t\t\t\n\t\t\t\t\t\t\t<\/div>\n\t\t\t\t\t\t<\/a>\n\t\t\t\t\t\t<\/div>\n\t\t\t\t<\/div>\n\t\t\t\t\t<\/div>\n\t\t<\/div>\n\t\t\t\t<div class=\"elementor-column elementor-col-33 elementor-inner-column elementor-element elementor-element-66d2e9f0\" data-id=\"66d2e9f0\" data-element_type=\"column\" data-e-type=\"column\">\n\t\t\t<div class=\"elementor-widget-wrap elementor-element-populated\">\n\t\t\t\t\t\t<div class=\"elementor-element elementor-element-6b8c660 elementor-cta--skin-cover elementor-bg-transform elementor-bg-transform-zoom-out elementor-animated-content elementor-widget elementor-widget-call-to-action\" data-id=\"6b8c660\" data-element_type=\"widget\" data-e-type=\"widget\" data-widget_type=\"call-to-action.default\">\n\t\t\t\t<div class=\"elementor-widget-container\">\n\t\t\t\t\t\t\t<a class=\"elementor-cta\" href=\"https:\/\/paideiacampus.org\/en\/paideia-campus\/community\/\">\n\t\t\t\t\t<div class=\"elementor-cta__bg-wrapper\">\n\t\t\t\t<div class=\"elementor-cta__bg elementor-bg\" style=\"background-image: url(https:\/\/paideiacampus.org\/wp-content\/uploads\/2021\/10\/IMG_6282.jpg);\"><\/div>\n\t\t\t\t<div class=\"elementor-cta__bg-overlay\"><\/div>\n\t\t\t<\/div>\n\t\t\t\t\t\t\t<div class=\"elementor-cta__content\">\n\t\t\t\t\n\t\t\t\t<h2 class=\"elementor-cta__title elementor-cta__content-item elementor-content-item elementor-animated-item--grow\">COMMUNITY<\/h2>\n\t\t\t\t\n\t\t\t\t\t\t\t<\/div>\n\t\t\t\t\t\t<\/a>\n\t\t\t\t\t\t<\/div>\n\t\t\t\t<\/div>\n\t\t\t\t\t<\/div>\n\t\t<\/div>\n\t\t\t\t<div class=\"elementor-column elementor-col-33 elementor-inner-column elementor-element elementor-element-414a6718\" data-id=\"414a6718\" data-element_type=\"column\" data-e-type=\"column\">\n\t\t\t<div class=\"elementor-widget-wrap elementor-element-populated\">\n\t\t\t\t\t\t<div class=\"elementor-element elementor-element-4533e229 elementor-cta--skin-cover elementor-bg-transform elementor-bg-transform-zoom-out elementor-animated-content elementor-widget elementor-widget-call-to-action\" data-id=\"4533e229\" data-element_type=\"widget\" data-e-type=\"widget\" data-widget_type=\"call-to-action.default\">\n\t\t\t\t<div class=\"elementor-widget-container\">\n\t\t\t\t\t\t\t<a class=\"elementor-cta\" href=\"https:\/\/paideiacampus.org\/en\/paideia-campus\/innovation\/\">\n\t\t\t\t\t<div class=\"elementor-cta__bg-wrapper\">\n\t\t\t\t<div class=\"elementor-cta__bg elementor-bg\" style=\"background-image: url(https:\/\/paideiacampus.org\/wp-content\/uploads\/2021\/10\/IMG_6137.jpg);\"><\/div>\n\t\t\t\t<div class=\"elementor-cta__bg-overlay\"><\/div>\n\t\t\t<\/div>\n\t\t\t\t\t\t\t<div class=\"elementor-cta__content\">\n\t\t\t\t\n\t\t\t\t<h2 class=\"elementor-cta__title elementor-cta__content-item elementor-content-item elementor-animated-item--grow\">INNOVATION<\/h2>\n\t\t\t\t\n\t\t\t\t\t\t\t<\/div>\n\t\t\t\t\t\t<\/a>\n\t\t\t\t\t\t<\/div>\n\t\t\t\t<\/div>\n\t\t\t\t\t<\/div>\n\t\t<\/div>\n\t\t\t\t\t<\/div>\n\t\t<\/section>\n\t\t\t\t\t<\/div>\n\t\t<\/div>\n\t\t\t\t\t<\/div>\n\t\t<\/section>\n\t\t\t\t<\/div>","protected":false},"excerpt":{"rendered":"<p>POLLICA 2050 Costruire la Pollica del futuro. POLLICA 2050 A causa di maggiori servizi, per comodit\u00e0, per lavoro o per la scuola, le famiglie hanno iniziato a spostarsi nelle grandi citt\u00e0 e alcuni comuni rischiano di scomparire. Un fenomeno che non riguarda solo l&#8217;Italia, ma minaccia la biodiversit\u00e0 e provoca il degrado di un patrimonio [&#8230;]\n","protected":false},"author":2,"featured_media":372,"parent":97,"menu_order":0,"comment_status":"closed","ping_status":"closed","template":"elementor_header_footer","meta":{"om_disable_all_campaigns":false,"_monsterinsights_skip_tracking":false,"_monsterinsights_sitenote_active":false,"_monsterinsights_sitenote_note":"","_monsterinsights_sitenote_category":0,"footnotes":""},"class_list":["post-99","page","type-page","status-publish","has-post-thumbnail","hentry"],"aioseo_notices":[],"yoast_head":"<!-- This site is optimized with the Yoast SEO plugin v19.14 - https:\/\/yoast.com\/wordpress\/plugins\/seo\/ -->\n<title>Pollica 2050 - Paideia Campus<\/title>\n<meta name=\"description\" content=\"Paideia Campus is building the Pollica of the future by creating employment, deseasonalizing tourism, promoting smart-living &amp; combating education poverty.\" \/>\n<meta name=\"robots\" content=\"index, follow, max-snippet:-1, max-image-preview:large, max-video-preview:-1\" \/>\n<link rel=\"canonical\" href=\"https:\/\/paideiacampus.org\/en\/action-areas\/community\/pollica-2050\/\" \/>\n<meta property=\"og:locale\" content=\"en_US\" \/>\n<meta property=\"og:type\" content=\"article\" \/>\n<meta property=\"og:title\" content=\"Pollica 2050 - Paideia Campus\" \/>\n<meta property=\"og:description\" content=\"Paideia Campus is building the Pollica of the future by creating employment, deseasonalizing tourism, promoting smart-living &amp; combating education poverty.\" \/>\n<meta property=\"og:url\" content=\"https:\/\/paideiacampus.org\/en\/action-areas\/community\/pollica-2050\/\" \/>\n<meta property=\"og:site_name\" content=\"Paideia Campus\" \/>\n<meta property=\"article:modified_time\" content=\"2023-01-13T11:17:01+00:00\" \/>\n<meta property=\"og:image\" content=\"https:\/\/paideiacampus.org\/wp-content\/uploads\/2021\/10\/Pollica-buildings.jpg\" \/>\n\t<meta property=\"og:image:width\" content=\"1500\" \/>\n\t<meta property=\"og:image:height\" content=\"844\" \/>\n\t<meta property=\"og:image:type\" content=\"image\/jpeg\" \/>\n<meta name=\"twitter:card\" content=\"summary_large_image\" \/>\n<meta name=\"twitter:label1\" content=\"Est. reading time\" \/>\n\t<meta name=\"twitter:data1\" content=\"2 minutes\" \/>\n<script type=\"application\/ld+json\" class=\"yoast-schema-graph\">{\"@context\":\"https:\/\/schema.org\",\"@graph\":[{\"@type\":\"WebPage\",\"@id\":\"https:\/\/paideiacampus.org\/action-areas\/community\/pollica-2050\/\",\"url\":\"https:\/\/paideiacampus.org\/action-areas\/community\/pollica-2050\/\",\"name\":\"Pollica 2050 - Paideia Campus\",\"isPartOf\":{\"@id\":\"https:\/\/paideiacampus.org\/#website\"},\"datePublished\":\"2021-10-21T06:04:21+00:00\",\"dateModified\":\"2023-01-13T11:17:01+00:00\",\"description\":\"Paideia Campus is building the Pollica of the future by creating employment, deseasonalizing tourism, promoting smart-living & combating education poverty.\",\"breadcrumb\":{\"@id\":\"https:\/\/paideiacampus.org\/action-areas\/community\/pollica-2050\/#breadcrumb\"},\"inLanguage\":\"en-US\",\"potentialAction\":[{\"@type\":\"ReadAction\",\"target\":[\"https:\/\/paideiacampus.org\/action-areas\/community\/pollica-2050\/\"]}]},{\"@type\":\"BreadcrumbList\",\"@id\":\"https:\/\/paideiacampus.org\/action-areas\/community\/pollica-2050\/#breadcrumb\",\"itemListElement\":[{\"@type\":\"ListItem\",\"position\":1,\"name\":\"Home\",\"item\":\"https:\/\/paideiacampus.org\/\"},{\"@type\":\"ListItem\",\"position\":2,\"name\":\"AREAS OF ACTION\",\"item\":\"https:\/\/paideiacampus.org\/action-areas\/\"},{\"@type\":\"ListItem\",\"position\":3,\"name\":\"Community\",\"item\":\"https:\/\/paideiacampus.org\/action-areas\/community\/\"},{\"@type\":\"ListItem\",\"position\":4,\"name\":\"Pollica 2050\"}]},{\"@type\":\"WebSite\",\"@id\":\"https:\/\/paideiacampus.org\/#website\",\"url\":\"https:\/\/paideiacampus.org\/\",\"name\":\"Paideia Campus\",\"description\":\"\",\"potentialAction\":[{\"@type\":\"SearchAction\",\"target\":{\"@type\":\"EntryPoint\",\"urlTemplate\":\"https:\/\/paideiacampus.org\/?s={search_term_string}\"},\"query-input\":\"required name=search_term_string\"}],\"inLanguage\":\"en-US\"}]}<\/script>\n<!-- \/ Yoast SEO plugin. -->","yoast_head_json":{"title":"Pollica 2050 - Paideia Campus","description":"Paideia Campus is building the Pollica of the future by creating employment, deseasonalizing tourism, promoting smart-living & combating education poverty.","robots":{"index":"index","follow":"follow","max-snippet":"max-snippet:-1","max-image-preview":"max-image-preview:large","max-video-preview":"max-video-preview:-1"},"canonical":"https:\/\/paideiacampus.org\/en\/action-areas\/community\/pollica-2050\/","og_locale":"en_US","og_type":"article","og_title":"Pollica 2050 - Paideia Campus","og_description":"Paideia Campus is building the Pollica of the future by creating employment, deseasonalizing tourism, promoting smart-living & combating education poverty.","og_url":"https:\/\/paideiacampus.org\/en\/action-areas\/community\/pollica-2050\/","og_site_name":"Paideia Campus","article_modified_time":"2023-01-13T11:17:01+00:00","og_image":[{"width":1500,"height":844,"url":"https:\/\/paideiacampus.org\/wp-content\/uploads\/2021\/10\/Pollica-buildings.jpg","type":"image\/jpeg"}],"twitter_card":"summary_large_image","twitter_misc":{"Est. reading time":"2 minutes"},"schema":{"@context":"https:\/\/schema.org","@graph":[{"@type":"WebPage","@id":"https:\/\/paideiacampus.org\/action-areas\/community\/pollica-2050\/","url":"https:\/\/paideiacampus.org\/action-areas\/community\/pollica-2050\/","name":"Pollica 2050 - Paideia Campus","isPartOf":{"@id":"https:\/\/paideiacampus.org\/#website"},"datePublished":"2021-10-21T06:04:21+00:00","dateModified":"2023-01-13T11:17:01+00:00","description":"Paideia Campus is building the Pollica of the future by creating employment, deseasonalizing tourism, promoting smart-living & combating education poverty.","breadcrumb":{"@id":"https:\/\/paideiacampus.org\/action-areas\/community\/pollica-2050\/#breadcrumb"},"inLanguage":"en-US","potentialAction":[{"@type":"ReadAction","target":["https:\/\/paideiacampus.org\/action-areas\/community\/pollica-2050\/"]}]},{"@type":"BreadcrumbList","@id":"https:\/\/paideiacampus.org\/action-areas\/community\/pollica-2050\/#breadcrumb","itemListElement":[{"@type":"ListItem","position":1,"name":"Home","item":"https:\/\/paideiacampus.org\/"},{"@type":"ListItem","position":2,"name":"AREAS OF ACTION","item":"https:\/\/paideiacampus.org\/action-areas\/"},{"@type":"ListItem","position":3,"name":"Community","item":"https:\/\/paideiacampus.org\/action-areas\/community\/"},{"@type":"ListItem","position":4,"name":"Pollica 2050"}]},{"@type":"WebSite","@id":"https:\/\/paideiacampus.org\/#website","url":"https:\/\/paideiacampus.org\/","name":"Paideia Campus","description":"","potentialAction":[{"@type":"SearchAction","target":{"@type":"EntryPoint","urlTemplate":"https:\/\/paideiacampus.org\/?s={search_term_string}"},"query-input":"required name=search_term_string"}],"inLanguage":"en-US"}]}},"_links":{"self":[{"href":"https:\/\/paideiacampus.org\/en\/wp-json\/wp\/v2\/pages\/99","targetHints":{"allow":["GET"]}}],"collection":[{"href":"https:\/\/paideiacampus.org\/en\/wp-json\/wp\/v2\/pages"}],"about":[{"href":"https:\/\/paideiacampus.org\/en\/wp-json\/wp\/v2\/types\/page"}],"author":[{"embeddable":true,"href":"https:\/\/paideiacampus.org\/en\/wp-json\/wp\/v2\/users\/2"}],"replies":[{"embeddable":true,"href":"https:\/\/paideiacampus.org\/en\/wp-json\/wp\/v2\/comments?post=99"}],"version-history":[{"count":41,"href":"https:\/\/paideiacampus.org\/en\/wp-json\/wp\/v2\/pages\/99\/revisions"}],"predecessor-version":[{"id":2210,"href":"https:\/\/paideiacampus.org\/en\/wp-json\/wp\/v2\/pages\/99\/revisions\/2210"}],"up":[{"embeddable":true,"href":"https:\/\/paideiacampus.org\/en\/wp-json\/wp\/v2\/pages\/97"}],"wp:featuredmedia":[{"embeddable":true,"href":"https:\/\/paideiacampus.org\/en\/wp-json\/wp\/v2\/media\/372"}],"wp:attachment":[{"href":"https:\/\/paideiacampus.org\/en\/wp-json\/wp\/v2\/media?parent=99"}],"curies":[{"name":"wp","href":"https:\/\/api.w.org\/{rel}","templated":true}]}}